{"id":295,"date":"2023-05-19T15:54:58","date_gmt":"2023-05-19T13:54:58","guid":{"rendered":"https:\/\/iicedimburgo.esteri.it\/?page_id=295"},"modified":"2023-08-31T12:47:53","modified_gmt":"2023-08-31T11:47:53","slug":"regolamento-generale-sulla-protezione-dei-dati","status":"publish","type":"page","link":"https:\/\/iicedimburgo.esteri.it\/it\/amministrazione-trasparente\/regolamento-generale-sulla-protezione-dei-dati\/","title":{"rendered":"Regolamento Generale sulla Protezione dei Dati"},"content":{"rendered":"<div class=\"sr-only\"><strong>Informativa sulla protezione delle persone fisiche con riguardo al trattamento dei dati personali dell&#8217;Istituto Italiano di Cultura di Edimburgo (IIC) del Ministero degli Affari Esteri e della Cooperazione Internazionale (MAECI)<\/strong><\/div>\n<div>\n<p><strong>Generalit\u00e0<\/strong><\/p>\n<p>Il trattamento dei dati personali effettuato dall\u2019IIC, quale Ufficio estero del MAECI, \u00e8 improntato ai principi di liceit\u00e0, correttezza e trasparenza a tutela dei diritti e delle libert\u00e0 fondamentali delle persone fisiche.<\/p>\n<p>Il titolare del trattamento \u00e8 il MAECI il quale, con riferimento alle attivit\u00e0 istituzionali dell&#8217;IIC, opera per il tramite dell\u2019IIC.<\/p>\n<p>Per eventuali quesiti o reclami, l\u2019interessato pu\u00f2 contattare il Responsabile della Protezione dei Dati Personali (RPD) del MAECI ai seguenti recapiti:<\/p>\n<p><em>Ministero degli Affari Esteri e della Cooperazione internazionale<\/em><br \/>\n<em>Piazzale della Farnesina 1<\/em><br \/>\n<em>00135 Roma<\/em><br \/>\n<em>Italia<\/em><br \/>\n<em>Telefono: 0039 06 36911 (centralino)<\/em><br \/>\n<em>Posta elettronica: rpd@esteri.it<\/em><br \/>\n<em>Pec: rpd@cert.esteri.it<\/em><\/p>\n<p>I dati personali forniti dall&#8217;interessato saranno utilizzati in particolare per le finalit\u00e0 descritte nei seguenti paragrafi riguardo ai singoli servizi.<\/p>\n<p>Il trattamento dei dati forniti dall&#8217;interessato \u00e8 basato sul consenso. L\u2019eventuale rifiuto al conferimento dei dati non consentir\u00e0 all\u2019interessato di accedere al servizio.<\/p>\n<p>Fatto salvo quanto indicato nei seguenti paragrafi, il trattamento dei dati \u00e8 effettuato dal personale dell&#8217;IIC in modalit\u00e0 mista (manuale e automatizzata).<\/p>\n<p>L\u2019interessato pu\u00f2 chiedere l\u2019accesso ai propri dati personali e la loro rettifica. Fatte salve le conseguenze sull\u2019accesso al servizio, egli pu\u00f2 altres\u00ec chiedere la cancellazione di tali dati e la limitazione del trattamento o l\u2019opposizione al loro trattamento. In questi casi, l\u2019interessato dovr\u00e0 presentare apposita richiesta all\u2019IIC, indirizzata per conoscenza al RPD del MAECI.<\/p>\n<p>Se ritiene che i propri diritti siano stati violati, l\u2019interessato pu\u00f2 presentare un reclamo all\u2019RPD del MAECI (e\/o all\u2019RPD del Responsabile del trattamento). In alternativa, pu\u00f2 rivolgersi al Garante italiano per la Protezione dei Dati personali ai seguenti recapiti:<\/p>\n<p><em>Piazza di Montecitorio 121<\/em><br \/>\n<em>00186 Roma<\/em><br \/>\n<em>Tel. 0039 06 696771 (centralino)<\/em><br \/>\n<em>Posta elettronica: garante@gpdp.it<\/em><br \/>\n<em>Pec: protocollo@pec.gpdp.it<\/em><\/p>\n<p><strong>Proposte culturali<\/strong><\/p>\n<p>Al fine di valutare e realizzare iniziative culturali, l&#8217;IIC conserva le informazioni personali contenute nella singola proposta, e la comunicazione che la contiene.<\/p>\n<p><strong>Candidature spontanee per tirocini<\/strong><\/p>\n<p>Considerate le disposizioni ministeriali in tema di tirocini, le informazioni personali contenute nella singola candidatura, e la comunicazione che la contiene, sono cancellate dall&#8217;IIC subito dopo la loro ricezione.<\/p>\n<p><strong>Candidature spontanee per assunzione e volontariato<\/strong><\/p>\n<p>Considerata la normativa su personale e volontariato, le informazioni personali contenute nella singola candidatura, e la comunicazione che la contiene, sono cancellate dall&#8217;IIC subito dopo la loro ricezione.<\/p>\n<p><strong>Newsletter<\/strong><\/p>\n<p>Iscrivendosi al servizio di newsletter si accetta che i propri dati personali vengano conservati dall&#8217;IIC al fine di:<br \/>\na) inviare informazioni riguardanti gli eventi dell&#8217;IIC;<br \/>\nb)\u00a0inviare informazioni riguardanti gli eventi che si tengono in Scozia e Irlanda del Nord e che sono relativi alla cultura italiana;<br \/>\nc) inviare inviti agli eventi dell&#8217;IIC.<br \/>\nSi pu\u00f2 cancellare l&#8217;iscrizione al servizio di newsletter, e contestualmente porre fine al corrispondente trattamento dei dati personali, premendo il pulsante \u201cUpdate Settings\u201d di una qualunque delle newsletter dell&#8217;IIC o contattandoci all\u2019indirizzo edinburgh.admin@esteri.it<br \/>\nIl servizio di invio di newsletter \u00e8 effettuato occasionalmente attraverso Brevo\/SendinBlue. Iscrivendosi alla newsletter, si accetta che i propri dati personali siano trasferiti a Brevo e trattati da SendinBlue ai sensi della relativa <a href=\"https:\/\/www.brevo.com\/legal\/privacypolicy\/\">politica di trattamento dei dati personali<\/a>.<\/p>\n<p><strong>Collegamenti a siti esterni<\/strong><\/p>\n<p>Il sito web dell&#8217;IIC contiene collegamenti a siti esterni non gestiti dall&#8217;IIC. Tali siti sono soggetti alle proprie condizioni d&#8217;uso e alle proprie politiche di trattamento dei dati personali, che possono essere regolate in modo diverso da quelle del sito dell&#8217;IIC. Le informazioni e le opinioni espresse nei siti esterni non riflettono necessariamente la posizione dell&#8217;IIC.<\/p>\n<\/div>\n","protected":false},"excerpt":{"rendered":"Informativa sulla protezione delle persone fisiche con riguardo al trattamento dei dati personali dell&#8217;Istituto Italiano di Cultura di Edimburgo (IIC) del Ministero degli Affari Esteri e della Cooperazione Internazionale (MAECI) Generalit\u00e0 Il trattamento dei dati personali effettuato dall\u2019IIC, quale Ufficio estero del MAECI, \u00e8 improntato ai principi di liceit\u00e0, correttezza e trasparenza a tutela dei [&hellip;]","protected":false},"author":3,"featured_media":0,"parent":23,"menu_order":12,"comment_status":"closed","ping_status":"closed","template":"","meta":{"footnotes":""},"class_list":["post-295","page","type-page","status-publish","hentry"],"_links":{"self":[{"href":"https:\/\/iicedimburgo.esteri.it\/it\/wp-json\/wp\/v2\/pages\/295","targetHints":{"allow":["GET"]}}],"collection":[{"href":"https:\/\/iicedimburgo.esteri.it\/it\/wp-json\/wp\/v2\/pages"}],"about":[{"href":"https:\/\/iicedimburgo.esteri.it\/it\/wp-json\/wp\/v2\/types\/page"}],"author":[{"embeddable":true,"href":"https:\/\/iicedimburgo.esteri.it\/it\/wp-json\/wp\/v2\/users\/3"}],"replies":[{"embeddable":true,"href":"https:\/\/iicedimburgo.esteri.it\/it\/wp-json\/wp\/v2\/comments?post=295"}],"version-history":[{"count":3,"href":"https:\/\/iicedimburgo.esteri.it\/it\/wp-json\/wp\/v2\/pages\/295\/revisions"}],"predecessor-version":[{"id":302,"href":"https:\/\/iicedimburgo.esteri.it\/it\/wp-json\/wp\/v2\/pages\/295\/revisions\/302"}],"up":[{"embeddable":true,"href":"https:\/\/iicedimburgo.esteri.it\/it\/wp-json\/wp\/v2\/pages\/23"}],"wp:attachment":[{"href":"https:\/\/iicedimburgo.esteri.it\/it\/wp-json\/wp\/v2\/media?parent=295"}],"curies":[{"name":"wp","href":"https:\/\/api.w.org\/{rel}","templated":true}]}}