{"id":41,"date":"2023-04-03T20:55:21","date_gmt":"2023-04-03T18:55:21","guid":{"rendered":"https:\/\/istitutobuenosaires.esteri.it\/?page_id=41"},"modified":"2026-01-30T13:31:37","modified_gmt":"2026-01-30T12:31:37","slug":"contatti","status":"publish","type":"page","link":"https:\/\/iicedimburgo.esteri.it\/it\/chi-siamo\/contatti\/","title":{"rendered":"Contatti"},"content":{"rendered":"<p><span class=\"titoloRosso\"><strong>Ist<\/strong><span class=\"titoloCategoria\"><strong>ituto Italiano di Cultura di Edimburgo<\/strong><\/span><\/span><\/p>\n<p>Italy House<br \/>\n20-22 East London Street<br \/>\nEdinburgh \u2013 EH7 4BQ <strong>(<a href=\"https:\/\/www.google.com\/maps\/place\/20+E+London+St,+Edinburgh+EH7+4BQ\/@55.9602122,-3.1869866,642m\/data=!3m2!1e3!4b1!4m6!3m5!1s0x4887c78c961e4cef:0x6c1d925e43d2e960!8m2!3d55.9602122!4d-3.1869866!16s%2Fg%2F11gsmbl1tv?entry=ttu&amp;g_ep=EgoyMDI0MDkyMi4wIKXMDSoASAFQAw%3D%3D\">mappa<\/a>)<\/strong><\/p>\n<p>telefono: +44 (0)131 668 2232<br \/>\nemail: iicedimburgo@esteri.it<\/p>\n<p><strong>Segreteria corsi di lingua<\/strong><br \/>\ntelefono: +44 (0)131 668 2232<br \/>\ne-mail: corsi.iicedimburgo@esteri.it<\/p>\n<p><strong><span class=\"titoloCategoria\">Apertura al pubblico <\/span><\/strong>(per appuntamento)<\/p>\n<p>Dal luned\u00ec al gioved\u00ec dalle 9:30 alle 13:30 e dalle 14:30 alle 16:00.<br \/>\nVenerd\u00ec dalle 9:30 alle 13:00.<\/p>\n<p>&nbsp;<\/p>\n<p><strong>L&#8217;Istituto rester\u00e0 chiuso nei seguenti giorni festivi:<\/strong><\/p>\n<p><strong>Giorni di chiusura per l&#8217;anno 2026<\/strong><\/p>\n<p>1\u00b0 gennaio (gioved\u00ec) CAPODANNO<br \/>\n3 aprile (venerd\u00ec) VENERDI\u2019 SANTO<br \/>\n6 aprile (luned\u00ec) LUNEDI\u2019 DELL\u2019ANGELO<br \/>\n25 aprile (sabato) FESTA DELLA LIBERAZIONE<br \/>\n1\u00b0 maggio (venerd\u00ec) FESTA DEL LAVORO<br \/>\n25 maggio (luned\u00ec) SPRING BANK HOLIDAY<br \/>\n2 giugno (marted\u00ec) FESTA DELLA REPUBBLICA<br \/>\n31 agosto (luned\u00ec) SPRING BANK HOLIDAY<br \/>\n1\u00b0 novembre (domenica) OGNISSANTI<br \/>\n25 dicembre (venerd\u00ec) NATALE<br \/>\n26 dicembre (sabato) SANTO STEFANO<\/p>\n","protected":false},"excerpt":{"rendered":"Istituto Italiano di Cultura di Edimburgo Italy House 20-22 East London Street Edinburgh \u2013 EH7 4BQ (mappa) telefono: +44 (0)131 668 2232 email: iicedimburgo@esteri.it Segreteria corsi di lingua telefono: +44 (0)131 668 2232 e-mail: corsi.iicedimburgo@esteri.it Apertura al pubblico (per appuntamento) Dal luned\u00ec al gioved\u00ec dalle 9:30 alle 13:30 e dalle 14:30 alle 16:00. Venerd\u00ec dalle [&hellip;]","protected":false},"author":1,"featured_media":0,"parent":15,"menu_order":4,"comment_status":"closed","ping_status":"closed","template":"","meta":{"footnotes":""},"class_list":["post-41","page","type-page","status-publish","hentry"],"_links":{"self":[{"href":"https:\/\/iicedimburgo.esteri.it\/it\/wp-json\/wp\/v2\/pages\/41","targetHints":{"allow":["GET"]}}],"collection":[{"href":"https:\/\/iicedimburgo.esteri.it\/it\/wp-json\/wp\/v2\/pages"}],"about":[{"href":"https:\/\/iicedimburgo.esteri.it\/it\/wp-json\/wp\/v2\/types\/page"}],"author":[{"embeddable":true,"href":"https:\/\/iicedimburgo.esteri.it\/it\/wp-json\/wp\/v2\/users\/1"}],"replies":[{"embeddable":true,"href":"https:\/\/iicedimburgo.esteri.it\/it\/wp-json\/wp\/v2\/comments?post=41"}],"version-history":[{"count":6,"href":"https:\/\/iicedimburgo.esteri.it\/it\/wp-json\/wp\/v2\/pages\/41\/revisions"}],"predecessor-version":[{"id":10143,"href":"https:\/\/iicedimburgo.esteri.it\/it\/wp-json\/wp\/v2\/pages\/41\/revisions\/10143"}],"up":[{"embeddable":true,"href":"https:\/\/iicedimburgo.esteri.it\/it\/wp-json\/wp\/v2\/pages\/15"}],"wp:attachment":[{"href":"https:\/\/iicedimburgo.esteri.it\/it\/wp-json\/wp\/v2\/media?parent=41"}],"curies":[{"name":"wp","href":"https:\/\/api.w.org\/{rel}","templated":true}]}}