{"id":44,"date":"2023-04-03T20:56:11","date_gmt":"2023-04-03T18:56:11","guid":{"rendered":"https:\/\/istitutobuenosaires.esteri.it\/?page_id=44"},"modified":"2026-04-01T15:49:06","modified_gmt":"2026-04-01T14:49:06","slug":"certificazioni","status":"publish","type":"page","link":"https:\/\/iicedimburgo.esteri.it\/it\/lingua-e-cultura\/certificazioni\/","title":{"rendered":"Certificazioni"},"content":{"rendered":"<p><img loading=\"lazy\" decoding=\"async\" class=\"alignnone wp-image-8741 img-fluid\" src=\"https:\/\/iicedimburgo.esteri.it\/wp-content\/uploads\/2025\/09\/Formato-sito1-300x293.jpg\" alt=\"\" width=\"353\" height=\"345\" srcset=\"https:\/\/iicedimburgo.esteri.it\/wp-content\/uploads\/2025\/09\/Formato-sito1-300x293.jpg 300w, https:\/\/iicedimburgo.esteri.it\/wp-content\/uploads\/2025\/09\/Formato-sito1-768x750.jpg 768w, https:\/\/iicedimburgo.esteri.it\/wp-content\/uploads\/2025\/09\/Formato-sito1.jpg 921w\" sizes=\"auto, (max-width: 353px) 100vw, 353px\" \/><\/p>\n<p>La <strong>Certificazione CILS<\/strong> \u00e8 un titolo di studio ufficialmente riconosciuto che attesta il grado di competenza linguistico-comunicativa in italiano come lingua straniera. Informazioni pi\u00f9 dettagliate sono consultabili sul sito <a href=\"https:\/\/cils.unistrasi.it\/home.asp\">CILS<\/a> dell\u2019Universit\u00e0 per Stranieri di Siena.<\/p>\n<p>A partire dal 2024, l\u2019Istituto Italiano di Cultura di Edimburgo \u00e8 centro accreditato per gli esami di certificazione CILS ed offre la possibilit\u00e0 di sostenere presso la propria sede gli esami.<\/p>\n<p align=\"justify\"><strong>Prossima data d&#8217;esame: DATA DA CONFERMARSI <\/strong>(livelli A1, A2, B1, B2, C1, C2)<br \/>\n<strong>Se sei interessato a sostenere l&#8217;esame, scrivi a <a href=\"mailto:corsi.iicedimburgo@esteri.it\">corsi.iicedimburgo@esteri.it<\/a>.\u00a0<\/strong><\/p>\n<p align=\"justify\">Tutti coloro che studiano l\u2019italiano, lavorano e studiano in contatto con la realt\u00e0 italiana, vogliono ottenere il permesso lungo di soggiorno, vogliono vedere misurata la propria competenza in italiano possono sostenere un esame di Certificazione CILS. Le prove della Certificazione CILS non sono legate a particolari metodi o tipi di corsi di lingua: ogni candidato pu\u00f2 prepararsi agli esami di certificazione CILS nel modo che ritiene pi\u00f9 appropriato e pi\u00f9 adeguato.<\/p>\n<p align=\"justify\">Il sistema di Certificazione CILS comprende i sei livelli di competenza linguistico-comunicativa individuati del Quadro Comune Europeo di Riferimento per la conoscenza delle lingue (QCER) del Consiglio d\u2019Europa. Ogni livello CILS \u00e8 autonomo e completo, i livelli individuano una competenza linguistico-comunicativa progressivamente pi\u00f9 alta.<\/p>\n<p align=\"justify\">Le prove di abilit\u00e0 CILS sono cinque: ascolto, comprensione della lettura, produzione scritta, produzione orale, analisi delle strutture della comunicazione in italiano. Per conseguire il certificato \u00e8 necessario raggiungere il livello di sufficienza in ogni abilit\u00e0.<\/p>\n<p align=\"justify\">Per sostenere gli esami di Certificazione CILS non \u00e8 necessario avere titoli di studio particolari, ma solo una conoscenza della lingua italiana corrispondente ai parametri indicati per ciascun livello CILS. Sono necessarie abilit\u00e0 cognitive generali ben fondate, sufficienti abilit\u00e0 linguistiche nella propria lingua, la conoscenza dell\u2019alfabeto latino. Gli esami CILS richiedono una conoscenza minima della societ\u00e0 e della cultura europee, e il possesso del quadro di conoscenze generali entro il quale \u00e8 collocata geograficamente, storicamente e culturalmente l\u2019Italia.<\/p>\n<p><strong>Per ulteriori informazioni, scrivere a <\/strong><a href=\"mailto:corsi.iicedimburgo@esteri.it\"><strong>corsi.iicedimburgo@esteri.it<\/strong><\/a>.<\/p>\n","protected":false},"excerpt":{"rendered":"La Certificazione CILS \u00e8 un titolo di studio ufficialmente riconosciuto che attesta il grado di competenza linguistico-comunicativa in italiano come lingua straniera. Informazioni pi\u00f9 dettagliate sono consultabili sul sito CILS dell\u2019Universit\u00e0 per Stranieri di Siena. A partire dal 2024, l\u2019Istituto Italiano di Cultura di Edimburgo \u00e8 centro accreditato per gli esami di certificazione CILS ed [&hellip;]","protected":false},"author":1,"featured_media":8741,"parent":16,"menu_order":4,"comment_status":"closed","ping_status":"closed","template":"","meta":{"footnotes":""},"class_list":["post-44","page","type-page","status-publish","has-post-thumbnail","hentry"],"_links":{"self":[{"href":"https:\/\/iicedimburgo.esteri.it\/it\/wp-json\/wp\/v2\/pages\/44","targetHints":{"allow":["GET"]}}],"collection":[{"href":"https:\/\/iicedimburgo.esteri.it\/it\/wp-json\/wp\/v2\/pages"}],"about":[{"href":"https:\/\/iicedimburgo.esteri.it\/it\/wp-json\/wp\/v2\/types\/page"}],"author":[{"embeddable":true,"href":"https:\/\/iicedimburgo.esteri.it\/it\/wp-json\/wp\/v2\/users\/1"}],"replies":[{"embeddable":true,"href":"https:\/\/iicedimburgo.esteri.it\/it\/wp-json\/wp\/v2\/comments?post=44"}],"version-history":[{"count":8,"href":"https:\/\/iicedimburgo.esteri.it\/it\/wp-json\/wp\/v2\/pages\/44\/revisions"}],"predecessor-version":[{"id":10696,"href":"https:\/\/iicedimburgo.esteri.it\/it\/wp-json\/wp\/v2\/pages\/44\/revisions\/10696"}],"up":[{"embeddable":true,"href":"https:\/\/iicedimburgo.esteri.it\/it\/wp-json\/wp\/v2\/pages\/16"}],"wp:featuredmedia":[{"embeddable":true,"href":"https:\/\/iicedimburgo.esteri.it\/it\/wp-json\/wp\/v2\/media\/8741"}],"wp:attachment":[{"href":"https:\/\/iicedimburgo.esteri.it\/it\/wp-json\/wp\/v2\/media?parent=44"}],"curies":[{"name":"wp","href":"https:\/\/api.w.org\/{rel}","templated":true}]}}