{"id":46,"date":"2023-04-03T20:56:47","date_gmt":"2023-04-03T18:56:47","guid":{"rendered":"https:\/\/istitutobuenosaires.esteri.it\/?page_id=46"},"modified":"2025-02-25T14:33:24","modified_gmt":"2025-02-25T13:33:24","slug":"biblioteca","status":"publish","type":"page","link":"https:\/\/iicedimburgo.esteri.it\/it\/lingua-e-cultura\/biblioteca\/","title":{"rendered":"Biblioteca"},"content":{"rendered":"<p><strong>Il catalogo della biblioteca \u00e8 disponibile <a href=\"https:\/\/iic.infoteca.it\/edimburgo\">on-line<\/a>.<\/strong><\/p>\n<p>L\u2019utente vi pu\u00f2 effettuare le seguenti operazioni:<\/p>\n<ul>\n<li>ricerche semplici o avanzate (ad es. per titolo o per autore) sull\u2019intero patrimonio o nella sola sezione relativa al materiale non librario (video, CD, DVD, ecc.) denominata mediateca;<\/li>\n<li>prendere visione delle nuove acquisizioni;<\/li>\n<li>compilare liste bibliografiche ed inviarle per posta elettronica a diversi destinatari; proporre nuovi acquisti;<\/li>\n<li>ottenere informazioni e dati statistici sulla biblioteca;<\/li>\n<li>accedere alle risorse virtuali di lingua, letteratura e cultura italiana disponibili su internet.<\/li>\n<\/ul>\n<p><strong>Accesso e consultazione<\/strong><br \/>\nLa biblioteca e l\u2019emeroteca sono aperte al pubblico il <strong>marted\u00ec e gioved\u00ec dalle 9:30 alle 13:30 e dalle 14:30 alle 16:00 e il venerd\u00ec dalle 9:30 alle 13:00.<\/strong> L\u2019accesso \u00e8 solo su prenotazione e i libri possono essere consultati nelle due sale di lettura.<\/p>\n<p><strong>Prestiti e servizi<\/strong><br \/>\nIl prestito dei libri e DVD \u00e8 consentito ai \u201cSoci dell\u2019Istituto Italiano di Cultura\u201d. <a href=\"https:\/\/iicedimburgo.esteri.it\/it\/lingua-e-cultura\/biblioteca\/diventare-soci\/\">Clicca qui<\/a> per scoprire come iscriverti.<br \/>\nI\u00a0 Soci ricevono un abbonamento gratuito alla nostra <strong>Biblioteca online e all&#8217;Edicola italiana, <a href=\"https:\/\/iicedimburgo.medialibrary.it\/home\/index.aspx\">MLOL<\/a><\/strong>. Per ulteriori informazioni, visita <a href=\"https:\/\/iicedimburgo.esteri.it\/en\/lingua-e-cultura\/biblioteca\/media-library-online\/\">questa pagina<\/a>.<\/p>\n<p><strong>\u00a0<\/strong><\/p>\n","protected":false},"excerpt":{"rendered":"Il catalogo della biblioteca \u00e8 disponibile on-line. L\u2019utente vi pu\u00f2 effettuare le seguenti operazioni: ricerche semplici o avanzate (ad es. per titolo o per autore) sull\u2019intero patrimonio o nella sola sezione relativa al materiale non librario (video, CD, DVD, ecc.) denominata mediateca; prendere visione delle nuove acquisizioni; compilare liste bibliografiche ed inviarle per posta elettronica [&hellip;]","protected":false},"author":1,"featured_media":0,"parent":16,"menu_order":10,"comment_status":"closed","ping_status":"closed","template":"","meta":{"footnotes":""},"class_list":["post-46","page","type-page","status-publish","hentry"],"_links":{"self":[{"href":"https:\/\/iicedimburgo.esteri.it\/it\/wp-json\/wp\/v2\/pages\/46","targetHints":{"allow":["GET"]}}],"collection":[{"href":"https:\/\/iicedimburgo.esteri.it\/it\/wp-json\/wp\/v2\/pages"}],"about":[{"href":"https:\/\/iicedimburgo.esteri.it\/it\/wp-json\/wp\/v2\/types\/page"}],"author":[{"embeddable":true,"href":"https:\/\/iicedimburgo.esteri.it\/it\/wp-json\/wp\/v2\/users\/1"}],"replies":[{"embeddable":true,"href":"https:\/\/iicedimburgo.esteri.it\/it\/wp-json\/wp\/v2\/comments?post=46"}],"version-history":[{"count":7,"href":"https:\/\/iicedimburgo.esteri.it\/it\/wp-json\/wp\/v2\/pages\/46\/revisions"}],"predecessor-version":[{"id":7279,"href":"https:\/\/iicedimburgo.esteri.it\/it\/wp-json\/wp\/v2\/pages\/46\/revisions\/7279"}],"up":[{"embeddable":true,"href":"https:\/\/iicedimburgo.esteri.it\/it\/wp-json\/wp\/v2\/pages\/16"}],"wp:attachment":[{"href":"https:\/\/iicedimburgo.esteri.it\/it\/wp-json\/wp\/v2\/media?parent=46"}],"curies":[{"name":"wp","href":"https:\/\/api.w.org\/{rel}","templated":true}]}}