{"id":7125,"date":"2025-02-24T13:53:28","date_gmt":"2025-02-24T12:53:28","guid":{"rendered":"https:\/\/iicedimburgo.esteri.it\/?page_id=7125"},"modified":"2026-04-22T15:31:39","modified_gmt":"2026-04-22T14:31:39","slug":"the-italian-book-club","status":"publish","type":"page","link":"https:\/\/iicedimburgo.esteri.it\/it\/lingua-e-cultura\/i-corsi-di-lingua\/the-italian-book-club\/","title":{"rendered":"The Italian Book Club"},"content":{"rendered":"<p>In 3 incontri da 1 ora e 30 ciascuno, l&#8217;<strong>Italian Book Club<\/strong> esplorer\u00e0 il romanzo <a href=\"https:\/\/www.adelphi.it\/libro\/9788845939006\"><em><strong>Paradiso<\/strong><\/em> <strong>di Michele Masneri<\/strong><\/a>.<\/p>\n<p>I partecipanti avranno l&#8217;opportunit\u00e0 di conoscere meglio l&#8217;autore e il contesto in cui \u00e8 nato il libro scelto, di leggere ad alta voce alcuni brani e di approfondire la grammatica, le strutture linguistiche e il vocabolario. I partecipanti saranno poi incoraggiati a discutere e a porre domande sui personaggi del libro, sulla trama, sul messaggio, sullo stile e sulla loro esperienza di lettura.<\/p>\n<p><strong>Le date dell&#8217;Italian Book Club per l&#8217;estate 2026 (<em>Paradiso<\/em> di Michele Masneri) sono:<\/strong><\/p>\n<ul>\n<li><strong>Marted\u00ec 19 maggio dalle 15:15 alle 16:45\u00a0<\/strong><\/li>\n<li><strong>Marted\u00ec 26 maggio dalle 15:15 alle 16:45\u00a0<\/strong><\/li>\n<li><strong>Marted\u00ec 9 giugno dalle 16:30 alle 18:00 &#8211; incontro con l&#8217;autore di Paradiso, Michele Masneri<\/strong><\/li>\n<\/ul>\n<p>Il prezzo per l&#8217;Italian Book Club \u00e8 di <strong>\u00a340.00\/\u00a330.00 concession<\/strong> (studenti, pensionati, disoccupati, soci e studenti dell&#8217;Istituto) e include il prestito della copia digitale del libro.<\/p>\n<p>Per informazioni e iscrizioni, contattaci all\u2019indirizzo email <a href=\"mailto:corsi.iicedimburgo@esteri.it\"><strong>corsi.iicedimburgo@esteri.it<\/strong><\/a>.<\/p>\n<p><strong>Il Book Club \u00e8 dedicato a studenti con una conoscenza avanzata dell&#8217;italiano (da B2 a C2).<\/strong><\/p>\n","protected":false},"excerpt":{"rendered":"In 3 incontri da 1 ora e 30 ciascuno, l&#8217;Italian Book Club esplorer\u00e0 il romanzo Paradiso di Michele Masneri. I partecipanti avranno l&#8217;opportunit\u00e0 di conoscere meglio l&#8217;autore e il contesto in cui \u00e8 nato il libro scelto, di leggere ad alta voce alcuni brani e di approfondire la grammatica, le strutture linguistiche e il vocabolario. [&hellip;]","protected":false},"author":3,"featured_media":10680,"parent":42,"menu_order":3,"comment_status":"closed","ping_status":"closed","template":"","meta":{"footnotes":""},"class_list":["post-7125","page","type-page","status-publish","has-post-thumbnail","hentry"],"_links":{"self":[{"href":"https:\/\/iicedimburgo.esteri.it\/it\/wp-json\/wp\/v2\/pages\/7125","targetHints":{"allow":["GET"]}}],"collection":[{"href":"https:\/\/iicedimburgo.esteri.it\/it\/wp-json\/wp\/v2\/pages"}],"about":[{"href":"https:\/\/iicedimburgo.esteri.it\/it\/wp-json\/wp\/v2\/types\/page"}],"author":[{"embeddable":true,"href":"https:\/\/iicedimburgo.esteri.it\/it\/wp-json\/wp\/v2\/users\/3"}],"replies":[{"embeddable":true,"href":"https:\/\/iicedimburgo.esteri.it\/it\/wp-json\/wp\/v2\/comments?post=7125"}],"version-history":[{"count":6,"href":"https:\/\/iicedimburgo.esteri.it\/it\/wp-json\/wp\/v2\/pages\/7125\/revisions"}],"predecessor-version":[{"id":10880,"href":"https:\/\/iicedimburgo.esteri.it\/it\/wp-json\/wp\/v2\/pages\/7125\/revisions\/10880"}],"up":[{"embeddable":true,"href":"https:\/\/iicedimburgo.esteri.it\/it\/wp-json\/wp\/v2\/pages\/42"}],"wp:featuredmedia":[{"embeddable":true,"href":"https:\/\/iicedimburgo.esteri.it\/it\/wp-json\/wp\/v2\/media\/10680"}],"wp:attachment":[{"href":"https:\/\/iicedimburgo.esteri.it\/it\/wp-json\/wp\/v2\/media?parent=7125"}],"curies":[{"name":"wp","href":"https:\/\/api.w.org\/{rel}","templated":true}]}}